{"id":619,"date":"2019-11-15T15:22:00","date_gmt":"2019-11-15T14:22:00","guid":{"rendered":"https:\/\/fortech.hu\/?page_id=619"},"modified":"2024-07-11T14:17:12","modified_gmt":"2024-07-11T13:17:12","slug":"unsere-partner","status":"publish","type":"page","link":"https:\/\/fortech.hu\/de\/unsere-partner\/","title":{"rendered":"Unsere Partner"},"content":{"rendered":"<p>[et_pb_section fb_built=&#8220;1&#8243; admin_label=&#8220;Header&#8220; _builder_version=&#8220;4.23.4&#8243; background_color=&#8220;#f5f7fa&#8220; background_enable_image=&#8220;off&#8220; parallax=&#8220;on&#8220; global_colors_info=&#8220;{}&#8220;][et_pb_row _builder_version=&#8220;4.16&#8243; global_colors_info=&#8220;{}&#8220;][et_pb_column type=&#8220;4_4&#8243; _builder_version=&#8220;4.16&#8243; global_colors_info=&#8220;{}&#8220;][et_pb_text _builder_version=&#8220;4.23.4&#8243; text_font=&#8220;||||||||&#8220; text_font_size=&#8220;16px&#8220; text_line_height=&#8220;2em&#8220; header_font=&#8220;Merriweather||||||||&#8220; header_font_size=&#8220;80px&#8220; header_line_height=&#8220;1.4em&#8220; text_orientation=&#8220;center&#8220; max_width=&#8220;800px&#8220; module_alignment=&#8220;center&#8220; text_font_size_tablet=&#8220;&#8220; text_font_size_phone=&#8220;14px&#8220; text_font_size_last_edited=&#8220;on|desktop&#8220; text_line_height_tablet=&#8220;&#8220; text_line_height_phone=&#8220;1.6em&#8220; text_line_height_last_edited=&#8220;on|desktop&#8220; header_font_size_tablet=&#8220;54px&#8220; header_font_size_phone=&#8220;34px&#8220; header_font_size_last_edited=&#8220;on|phone&#8220; text_text_align=&#8220;center&#8220; global_colors_info=&#8220;{}&#8220;]<\/p>\n<h1><span data-sheets-root=\"1\" data-sheets-value=\"{&quot;1&quot;:2,&quot;2&quot;:&quot;Unsere Partner&quot;}\" data-sheets-userformat=\"{&quot;2&quot;:7041,&quot;3&quot;:{&quot;1&quot;:0},&quot;10&quot;:2,&quot;11&quot;:4,&quot;12&quot;:0,&quot;14&quot;:{&quot;1&quot;:2,&quot;2&quot;:0},&quot;15&quot;:&quot;Arial&quot;}\">Unsere Partner<\/span><\/h1>\n<p><span data-sheets-root=\"1\" data-sheets-value=\"{&quot;1&quot;:2,&quot;2&quot;:&quot;Wir legen einen hohen Wert auf die Kooperation mit unseren Gesch\u00e4ftspartnern. Wir pflegen enge Beziehungen zu f\u00fchrenden Unternehmen, mit denen unsere Kooperation nicht nur zu gesch\u00e4ftlichen Erfolgen, sondern auch zu langfristigen strategischen Partnerschaften f\u00fchrt.&quot;}\" data-sheets-userformat=\"{&quot;2&quot;:7041,&quot;3&quot;:{&quot;1&quot;:0},&quot;10&quot;:2,&quot;11&quot;:4,&quot;12&quot;:0,&quot;14&quot;:{&quot;1&quot;:2,&quot;2&quot;:0},&quot;15&quot;:&quot;Arial&quot;}\">Wir legen einen hohen Wert auf die Kooperation mit unseren Gesch\u00e4ftspartnern. Wir pflegen enge Beziehungen zu f\u00fchrenden Unternehmen, mit denen unsere Kooperation nicht nur zu gesch\u00e4ftlichen Erfolgen, sondern auch zu langfristigen strategischen Partnerschaften f\u00fchrt.<\/span><\/p>\n<p>[\/et_pb_text][\/et_pb_column][\/et_pb_row][et_pb_row column_structure=&#8220;1_2,1_2&#8243; make_equal=&#8220;on&#8220; _builder_version=&#8220;4.24.0&#8243; _module_preset=&#8220;default&#8220; global_colors_info=&#8220;{}&#8220;][et_pb_column type=&#8220;1_2&#8243; _builder_version=&#8220;4.24.0&#8243; _module_preset=&#8220;default&#8220; global_colors_info=&#8220;{}&#8220;][et_pb_image src=&#8220;https:\/\/fortech.hu\/wp-content\/uploads\/2024\/01\/fortech_cncnpower_partner_kts.png&#8220; title_text=&#8220;fortech_cncnpower_partner_kts&#8220; _builder_version=&#8220;4.24.0&#8243; _module_preset=&#8220;default&#8220; global_colors_info=&#8220;{}&#8220;][\/et_pb_image][\/et_pb_column][et_pb_column type=&#8220;1_2&#8243; _builder_version=&#8220;4.24.0&#8243; _module_preset=&#8220;default&#8220; custom_css_main_element=&#8220;margin: auto;&#8220; global_colors_info=&#8220;{}&#8220;][et_pb_image src=&#8220;https:\/\/fortech.hu\/wp-content\/uploads\/2024\/01\/fortech_west_pannon_elektro_partner_kts.png&#8220; title_text=&#8220;fortech_west_pannon_elektro_partner_kts&#8220; _builder_version=&#8220;4.24.0&#8243; _module_preset=&#8220;default&#8220; global_colors_info=&#8220;{}&#8220;][\/et_pb_image][\/et_pb_column][\/et_pb_row][\/et_pb_section]<\/p>\n","protected":false},"excerpt":{"rendered":"<p>Unsere Partner Wir legen einen hohen Wert auf die Kooperation mit unseren Gesch\u00e4ftspartnern. Wir pflegen enge Beziehungen zu f\u00fchrenden Unternehmen, mit denen unsere Kooperation nicht nur zu gesch\u00e4ftlichen Erfolgen, sondern auch zu langfristigen strategischen Partnerschaften f\u00fchrt.<\/p>\n","protected":false},"author":1,"featured_media":0,"parent":0,"menu_order":0,"comment_status":"closed","ping_status":"closed","template":"","meta":{"_et_pb_use_builder":"on","_et_pb_old_content":"","_et_gb_content_width":"","footnotes":""},"class_list":["post-619","page","type-page","status-publish","hentry"],"_links":{"self":[{"href":"https:\/\/fortech.hu\/de\/wp-json\/wp\/v2\/pages\/619","targetHints":{"allow":["GET"]}}],"collection":[{"href":"https:\/\/fortech.hu\/de\/wp-json\/wp\/v2\/pages"}],"about":[{"href":"https:\/\/fortech.hu\/de\/wp-json\/wp\/v2\/types\/page"}],"author":[{"embeddable":true,"href":"https:\/\/fortech.hu\/de\/wp-json\/wp\/v2\/users\/1"}],"replies":[{"embeddable":true,"href":"https:\/\/fortech.hu\/de\/wp-json\/wp\/v2\/comments?post=619"}],"version-history":[{"count":5,"href":"https:\/\/fortech.hu\/de\/wp-json\/wp\/v2\/pages\/619\/revisions"}],"predecessor-version":[{"id":820,"href":"https:\/\/fortech.hu\/de\/wp-json\/wp\/v2\/pages\/619\/revisions\/820"}],"wp:attachment":[{"href":"https:\/\/fortech.hu\/de\/wp-json\/wp\/v2\/media?parent=619"}],"curies":[{"name":"wp","href":"https:\/\/api.w.org\/{rel}","templated":true}]}}