{"id":578,"date":"2019-11-15T15:22:00","date_gmt":"2019-11-15T14:22:00","guid":{"rendered":"https:\/\/fortech.hu\/?page_id=578"},"modified":"2024-07-11T14:19:24","modified_gmt":"2024-07-11T13:19:24","slug":"events","status":"publish","type":"page","link":"https:\/\/fortech.hu\/en\/events\/","title":{"rendered":"Events"},"content":{"rendered":"<p>[et_pb_section fb_built=&#8221;1&#8243; admin_label=&#8221;Page Title Section&#8221; _builder_version=&#8221;4.16&#8243; use_background_color_gradient=&#8221;on&#8221; background_color_gradient_stops=&#8221;#313e47 0%|rgba(49,62,71,0.5) 100%&#8221; background_color_gradient_overlays_image=&#8221;on&#8221; background_color_gradient_start=&#8221;#313e47&#8243; background_color_gradient_end=&#8221;rgba(49,62,71,0.5)&#8221; background_image=&#8221;https:\/\/fortech.hu\/wp-content\/uploads\/2024\/01\/law-firm-28.jpg&#8221; custom_padding=&#8221;120px||120px|&#8221; global_colors_info=&#8221;{}&#8221;][et_pb_row admin_label=&#8221;Page Title Area&#8221; _builder_version=&#8221;4.16&#8243; background_size=&#8221;initial&#8221; background_position=&#8221;top_left&#8221; background_repeat=&#8221;repeat&#8221; global_colors_info=&#8221;{}&#8221;][et_pb_column type=&#8221;4_4&#8243; _builder_version=&#8221;4.16&#8243; custom_padding=&#8221;|||&#8221; global_colors_info=&#8221;{}&#8221; custom_padding__hover=&#8221;|||&#8221;][et_pb_text admin_label=&#8221;Page Title&#8221; _builder_version=&#8221;4.16&#8243; text_font=&#8221;||||||||&#8221; text_text_color=&#8221;#ffffff&#8221; text_font_size=&#8221;18px&#8221; text_line_height=&#8221;2em&#8221; header_font=&#8221;Poppins||||||||&#8221; header_font_size=&#8221;60px&#8221; header_line_height=&#8221;1.6em&#8221; header_3_font=&#8221;||||||||&#8221; header_3_line_height=&#8221;1.8em&#8221; text_orientation=&#8221;center&#8221; background_layout=&#8221;dark&#8221; max_width=&#8221;700px&#8221; module_alignment=&#8221;center&#8221; custom_margin=&#8221;||10px|&#8221; animation_style=&#8221;fade&#8221; header_font_size_tablet=&#8221;40px&#8221; header_font_size_phone=&#8221;&#8221; header_font_size_last_edited=&#8221;on|desktop&#8221; global_colors_info=&#8221;{}&#8221;]<\/p>\n<h1>D\u00edjszab\u00e1s<\/h1>\n<h3><b>Lorem ipsum dolor sit amet<\/b><\/h3>\n<p>Lorem ipsum dolor sit amet<br \/>\n[\/et_pb_text][\/et_pb_column][\/et_pb_row][\/et_pb_section][et_pb_section fb_built=&#8221;1&#8243; admin_label=&#8221;Project Analysis Section&#8221; _builder_version=&#8221;4.16&#8243; custom_padding=&#8221;90px||90px|&#8221; global_colors_info=&#8221;{}&#8221;][et_pb_row column_structure=&#8221;1_4,3_4&#8243; admin_label=&#8221;Project Analysis Area&#8221; _builder_version=&#8221;4.16&#8243; custom_padding=&#8221;60px|0px|60px|0px&#8221; border_color_all=&#8221;rgba(51,51,51,0.12)&#8221; border_width_top=&#8221;1px&#8221; global_colors_info=&#8221;{}&#8221;][et_pb_column type=&#8221;1_4&#8243; _builder_version=&#8221;4.16&#8243; custom_padding=&#8221;|||&#8221; global_colors_info=&#8221;{}&#8221; custom_padding__hover=&#8221;|||&#8221;][et_pb_text admin_label=&#8221;Title&#8221; _builder_version=&#8221;4.16&#8243; text_font=&#8221;||||||||&#8221; header_font=&#8221;||||||||&#8221; header_3_font=&#8221;Poppins||||||||&#8221; header_3_line_height=&#8221;2em&#8221; animation_style=&#8221;fold&#8221; animation_direction=&#8221;left&#8221; animation_intensity_fold=&#8221;5%&#8221; global_colors_info=&#8221;{}&#8221;]<\/p>\n<h3>Mi\u00e9rt v\u00e1lasszon minket?<\/h3>\n<p>[\/et_pb_text][\/et_pb_column][et_pb_column type=&#8221;3_4&#8243; _builder_version=&#8221;4.16&#8243; custom_padding=&#8221;|||&#8221; global_colors_info=&#8221;{}&#8221; custom_padding__hover=&#8221;|||&#8221;][et_pb_text _builder_version=&#8221;4.16&#8243; text_font=&#8221;||||||||&#8221; text_font_size=&#8221;16px&#8221; text_line_height=&#8221;2em&#8221; animation_style=&#8221;fade&#8221; global_colors_info=&#8221;{}&#8221;]Aenean vulputate odio mauris, suscipit iaculis diam sodales ut. Pellentesque vitae massa vitae massa tempor auctor in a ante. Fusce id urna posuere, facilisis turpis non, imperdiet ligula. Ut rutrum euismod orci sit amet porttitor. Quisque nisl massa, rhoncus interdum consectetur vitae, pellentesque non neque. Vivamus et semper velit. Lorem ipsum dolor sit amet, consectetur adipiscing elit. Nam ornare purus in turpis pharetra vestibulum.<\/p>\n<p>Aenean eleifend, quam quis ullamcorper venenatis, lorem neque venenatis mauris, et aliquet risus quam quis urna. Praesent vitae elit ut mauris semper ultricies sed eu nisi. Etiam dictum orci in enim pretium, et egestas odio consequat. Aliquam erat volutpat. Nam venenatis, lectus quis tristique efficitur, quam eros interdum nunc, sit amet commodo lacus eros at ligula. Maecenas vel nunc gravida, pharetra turpis vel, placerat neque. Vivamus varius tellus at ante posuere.<br \/>\n[\/et_pb_text][\/et_pb_column][\/et_pb_row][et_pb_row column_structure=&#8221;1_4,3_4&#8243; admin_label=&#8221;Our Process Area&#8221; _builder_version=&#8221;4.16&#8243; custom_padding=&#8221;60px|0px|60px|0px&#8221; border_color_all=&#8221;rgba(51,51,51,0.12)&#8221; border_width_top=&#8221;1px&#8221; global_colors_info=&#8221;{}&#8221;][et_pb_column type=&#8221;1_4&#8243; _builder_version=&#8221;4.16&#8243; custom_padding=&#8221;|||&#8221; global_colors_info=&#8221;{}&#8221; custom_padding__hover=&#8221;|||&#8221;][et_pb_text admin_label=&#8221;Title&#8221; _builder_version=&#8221;4.16&#8243; text_font=&#8221;||||||||&#8221; header_font=&#8221;||||||||&#8221; header_3_font=&#8221;Poppins||||||||&#8221; header_3_line_height=&#8221;2em&#8221; animation_style=&#8221;fold&#8221; animation_direction=&#8221;left&#8221; animation_intensity_fold=&#8221;5%&#8221; global_colors_info=&#8221;{}&#8221;]<\/p>\n<h3>\u00c1rak<\/h3>\n<p>[\/et_pb_text][\/et_pb_column][et_pb_column type=&#8221;3_4&#8243; _builder_version=&#8221;4.16&#8243; custom_padding=&#8221;|||&#8221; global_colors_info=&#8221;{}&#8221; custom_padding__hover=&#8221;|||&#8221;][et_pb_blurb title=&#8221;Curabitur arcu erat, accumsan id imperdiet et. &#8211; 20.000 Ft \/ \u00f3ra&#8221; use_icon=&#8221;on&#8221; font_icon=&#8221;&#x57;||divi||400&#8243; icon_color=&#8221;#5d6370&#8243; icon_placement=&#8221;left&#8221; image_icon_width=&#8221;32px&#8221; content_max_width=&#8221;800px&#8221; _builder_version=&#8221;4.16&#8243; header_font=&#8221;||||||||&#8221; header_font_size=&#8221;16px&#8221; header_line_height=&#8221;2em&#8221; body_font=&#8221;||||||||&#8221; custom_margin=&#8221;||0px|&#8221; custom_padding=&#8221;|||&#8221; animation_style=&#8221;fade&#8221; icon_font_size=&#8221;32px&#8221; global_colors_info=&#8221;{}&#8221; icon_color__hover_enabled=&#8221;on|desktop&#8221; icon_color__hover=&#8221;#5d6370&#8243;][\/et_pb_blurb][et_pb_blurb title=&#8221;Curabitur arcu erat, accumsan id imperdiet et. &#8211; 20.000 Ft \/ \u00f3ra&#8221; use_icon=&#8221;on&#8221; font_icon=&#8221;&#x57;||divi||400&#8243; icon_color=&#8221;#5d6370&#8243; icon_placement=&#8221;left&#8221; image_icon_width=&#8221;32px&#8221; content_max_width=&#8221;800px&#8221; _builder_version=&#8221;4.16&#8243; header_font=&#8221;||||||||&#8221; header_font_size=&#8221;16px&#8221; header_line_height=&#8221;2em&#8221; body_font=&#8221;||||||||&#8221; custom_margin=&#8221;||0px|&#8221; custom_padding=&#8221;|||&#8221; animation_style=&#8221;fade&#8221; icon_font_size=&#8221;32px&#8221; global_colors_info=&#8221;{}&#8221; icon_color__hover_enabled=&#8221;on|desktop&#8221; icon_color__hover=&#8221;#5d6370&#8243;][\/et_pb_blurb][et_pb_blurb title=&#8221;Curabitur arcu erat, accumsan id imperdiet et. &#8211; 20.000 Ft \/ \u00f3ra&#8221; use_icon=&#8221;on&#8221; font_icon=&#8221;&#x57;||divi||400&#8243; icon_color=&#8221;#5d6370&#8243; icon_placement=&#8221;left&#8221; image_icon_width=&#8221;32px&#8221; content_max_width=&#8221;800px&#8221; _builder_version=&#8221;4.16&#8243; header_font=&#8221;||||||||&#8221; header_font_size=&#8221;16px&#8221; header_line_height=&#8221;2em&#8221; body_font=&#8221;||||||||&#8221; custom_margin=&#8221;||0px|&#8221; custom_padding=&#8221;|||&#8221; animation_style=&#8221;fade&#8221; icon_font_size=&#8221;32px&#8221; global_colors_info=&#8221;{}&#8221; icon_color__hover_enabled=&#8221;on|desktop&#8221; icon_color__hover=&#8221;#5d6370&#8243;][\/et_pb_blurb][et_pb_blurb title=&#8221;Curabitur arcu erat, accumsan id imperdiet et. &#8211; 20.000 Ft \/ \u00f3ra&#8221; use_icon=&#8221;on&#8221; font_icon=&#8221;&#x57;||divi||400&#8243; icon_color=&#8221;#5d6370&#8243; icon_placement=&#8221;left&#8221; image_icon_width=&#8221;32px&#8221; content_max_width=&#8221;800px&#8221; _builder_version=&#8221;4.16&#8243; header_font=&#8221;||||||||&#8221; header_font_size=&#8221;16px&#8221; header_line_height=&#8221;2em&#8221; body_font=&#8221;||||||||&#8221; custom_margin=&#8221;||0px|&#8221; custom_padding=&#8221;|||&#8221; animation_style=&#8221;fade&#8221; icon_font_size=&#8221;32px&#8221; global_colors_info=&#8221;{}&#8221; icon_color__hover_enabled=&#8221;on|desktop&#8221; icon_color__hover=&#8221;#5d6370&#8243;][\/et_pb_blurb][\/et_pb_column][\/et_pb_row][\/et_pb_section]<\/p>\n","protected":false},"excerpt":{"rendered":"<p>D\u00edjszab\u00e1s Lorem ipsum dolor sit amet Lorem ipsum dolor sit amet Mi\u00e9rt v\u00e1lasszon minket? Aenean vulputate odio mauris, suscipit iaculis diam sodales ut. Pellentesque vitae massa vitae massa tempor auctor in a ante. Fusce id urna posuere, facilisis turpis non, imperdiet ligula. Ut rutrum euismod orci sit amet porttitor. Quisque nisl massa, rhoncus interdum consectetur [&hellip;]<\/p>\n","protected":false},"author":1,"featured_media":0,"parent":0,"menu_order":0,"comment_status":"closed","ping_status":"closed","template":"","meta":{"_et_pb_use_builder":"on","_et_pb_old_content":"","_et_gb_content_width":"","footnotes":""},"class_list":["post-578","page","type-page","status-publish","hentry"],"_links":{"self":[{"href":"https:\/\/fortech.hu\/en\/wp-json\/wp\/v2\/pages\/578","targetHints":{"allow":["GET"]}}],"collection":[{"href":"https:\/\/fortech.hu\/en\/wp-json\/wp\/v2\/pages"}],"about":[{"href":"https:\/\/fortech.hu\/en\/wp-json\/wp\/v2\/types\/page"}],"author":[{"embeddable":true,"href":"https:\/\/fortech.hu\/en\/wp-json\/wp\/v2\/users\/1"}],"replies":[{"embeddable":true,"href":"https:\/\/fortech.hu\/en\/wp-json\/wp\/v2\/comments?post=578"}],"version-history":[{"count":4,"href":"https:\/\/fortech.hu\/en\/wp-json\/wp\/v2\/pages\/578\/revisions"}],"predecessor-version":[{"id":583,"href":"https:\/\/fortech.hu\/en\/wp-json\/wp\/v2\/pages\/578\/revisions\/583"}],"wp:attachment":[{"href":"https:\/\/fortech.hu\/en\/wp-json\/wp\/v2\/media?parent=578"}],"curies":[{"name":"wp","href":"https:\/\/api.w.org\/{rel}","templated":true}]}}